{"id":2,"date":"2016-05-10T03:48:21","date_gmt":"2016-05-10T03:48:21","guid":{"rendered":"https:\/\/neurologie-klinger.com\/?page_id=2"},"modified":"2026-03-04T07:01:16","modified_gmt":"2026-03-04T07:01:16","slug":"sample-page","status":"publish","type":"page","link":"https:\/\/neurologie-klinger.com\/","title":{"rendered":"Willkommen"},"content":{"rendered":"\n<h3 class=\"wp-block-heading has-text-align-center\"><strong>Facharzt f\u00fcr NEUROLOGIE<\/strong><\/h3>\n\n\n\n<p class=\"has-text-align-center\">SVS und KFA-G sowie Wahlarzt aller anderen Kassen<\/p>\n\n\n\n<p class=\"has-text-align-center\">Neurorehabilitation Zertifikat<\/p>\n\n\n\n<p class=\"has-text-align-center\">Notarzt<\/p>\n\n\n\n<h2 class=\"wp-block-heading has-text-align-center\">OA Dr. Wolfgang Klinger<\/h2>\n\n\n<div class=\"wp-block-image\">\n<figure class=\"aligncenter size-large\"><img loading=\"lazy\" decoding=\"async\" width=\"1024\" height=\"683\" src=\"https:\/\/neurologie-klinger.com\/wp-content\/uploads\/2025\/12\/IMG_1984-1-1024x683.jpg\" alt=\"\" class=\"wp-image-129\" srcset=\"https:\/\/neurologie-klinger.com\/wp-content\/uploads\/2025\/12\/IMG_1984-1-1024x683.jpg 1024w, https:\/\/neurologie-klinger.com\/wp-content\/uploads\/2025\/12\/IMG_1984-1-300x200.jpg 300w, https:\/\/neurologie-klinger.com\/wp-content\/uploads\/2025\/12\/IMG_1984-1-768x512.jpg 768w, https:\/\/neurologie-klinger.com\/wp-content\/uploads\/2025\/12\/IMG_1984-1-1536x1024.jpg 1536w, https:\/\/neurologie-klinger.com\/wp-content\/uploads\/2025\/12\/IMG_1984-1-2048x1366.jpg 2048w, https:\/\/neurologie-klinger.com\/wp-content\/uploads\/2025\/12\/IMG_1984-1-1568x1046.jpg 1568w\" sizes=\"auto, (max-width: 1024px) 100vw, 1024px\" \/><figcaption class=\"wp-element-caption\">\u00a9 Mario Gimpel<\/figcaption><\/figure>\n<\/div>\n\n\n<div style=\"height:178px\" aria-hidden=\"true\" class=\"wp-block-spacer\"><\/div>\n\n\n\n<h2 class=\"wp-block-heading has-text-align-center\">Warum zu uns<\/h2>\n\n\n<div class=\"wp-block-image\">\n<figure class=\"aligncenter size-large\"><img loading=\"lazy\" decoding=\"async\" width=\"849\" height=\"565\" src=\"https:\/\/neurologie-klinger.com\/wp-content\/uploads\/2021\/02\/iStock_000016094987Small.jpg\" alt=\"\" class=\"wp-image-23\" srcset=\"https:\/\/neurologie-klinger.com\/wp-content\/uploads\/2021\/02\/iStock_000016094987Small.jpg 849w, https:\/\/neurologie-klinger.com\/wp-content\/uploads\/2021\/02\/iStock_000016094987Small-300x200.jpg 300w, https:\/\/neurologie-klinger.com\/wp-content\/uploads\/2021\/02\/iStock_000016094987Small-768x511.jpg 768w\" sizes=\"auto, (max-width: 849px) 100vw, 849px\" \/><figcaption class=\"wp-element-caption\">\u00a9 iStock<\/figcaption><\/figure>\n<\/div>\n\n<p style=\"text-align: center;\">Sie leiden unter Kopfschmerzen, Migr\u00e4ne oder Schwindel, Sie sind ohne Grund gest\u00fcrzt?<\/p>\n<p style=\"text-align: center;\">Sie haben Kreuzschmerzen, bamstige H\u00e4nde oder F\u00fc\u00dfe oder sogar L\u00e4hmungen?<\/p>\n<p style=\"text-align: center;\">Sie bef\u00fcrchten eine Demenz- oder Parkinson-Erkrankung?&nbsp;<\/p>\n<p style=\"text-align: center;\">Sie wollen einem Schlaganfall vorbeugen oder sich von einem solchen bestm\u00f6glich erholen?<\/p>\n<p style=\"text-align: center;\">Dann z\u00f6gern Sie nicht uns zu kontaktieren.<\/p>\n\n\n<div style=\"height:100px\" aria-hidden=\"true\" class=\"wp-block-spacer\"><\/div>\n\n\n\n<h2 class=\"wp-block-heading has-text-align-center\">Termine<\/h2>\n\n\n<div class=\"wp-block-image\">\n<figure class=\"aligncenter size-large\"><img loading=\"lazy\" decoding=\"async\" width=\"849\" height=\"565\" src=\"https:\/\/neurologie-klinger.com\/wp-content\/uploads\/2021\/02\/iStock_000016986163Small.jpg\" alt=\"\" class=\"wp-image-24\" srcset=\"https:\/\/neurologie-klinger.com\/wp-content\/uploads\/2021\/02\/iStock_000016986163Small.jpg 849w, https:\/\/neurologie-klinger.com\/wp-content\/uploads\/2021\/02\/iStock_000016986163Small-300x200.jpg 300w, https:\/\/neurologie-klinger.com\/wp-content\/uploads\/2021\/02\/iStock_000016986163Small-768x511.jpg 768w\" sizes=\"auto, (max-width: 849px) 100vw, 849px\" \/><figcaption class=\"wp-element-caption\">\u00a9 iStock<\/figcaption><\/figure>\n<\/div>\n\n<p style=\"text-align: center;\">Wir w\u00fcrden uns freuen, Sie in unserer Ordination f\u00fcr neurologische Erkrankungen in der Robert-Stolz-Gasse 11 in Graz-Geidorf begr\u00fc\u00dfen zu d\u00fcrfen.<\/p>\n<p>&nbsp;<\/p>\n<p style=\"text-align: center;\">Unsere Ordinationszeiten sind nach\u00a0<\/p>\n<p style=\"text-align: center;\"><strong>telefonischer Terminvereinbarung<\/strong><\/p>\n<p style=\"text-align: center;\"><strong>+43 316 83 74 42<\/strong><\/p>\n<p style=\"text-align: center;\">Montag 8:00 Uhr &#8211; 14:00 Uhr<\/p>\n<p style=\"text-align: center;\">Dienstag 8.00 Uhr &#8211; 14:00 Uhr<\/p>\n<p style=\"text-align: center;\">Mittwoch 8:00 Uhr &#8211; 14:00 Uhr<\/p>\n<p style=\"text-align: center;\">Freitag 8:00 Uhr &#8211; 14:00 Uhr<\/p>\n<p>&nbsp;<\/p>\n<p style=\"text-align: center;\">Wenn Sie <strong>das erste Mal<\/strong> zu uns kommen, seien Sie bitte schon 10 Minuten vor Ihrem Termin bei uns.<\/p>\n<p style=\"text-align: center;\">Bitte bringen Sie <strong>relevante Vorbefunde<\/strong> mit.<\/p>\n<p style=\"text-align: center;\">Falls Sie Medikamente regelm\u00e4\u00dfig einnehmen bitte auch eine aktuelle <strong>Medikamentenliste<\/strong> mitbringen.<\/p>\n<p>&nbsp;<\/p>\n<p style=\"text-align: center;\"><strong>Achtung Terminabsagen:<\/strong><\/p>\n<p style=\"text-align: center;\">Wenn Sie Ihren Termin nicht sp\u00e4testens 24h vorher absagen entsteht im juristischen Sinn ein Schaden.<\/p>\n<p style=\"text-align: center;\">Vor allem f\u00fcr andere Patienten, denen wir diesen Termin nicht geben k\u00f6nnen und sich dadurch Wartezeiten auf freie Termine unn\u00f6tig verl\u00e4ngern. Aber auch f\u00fcr uns.\u00a0<\/p>\n<p style=\"text-align: center;\"><strong>Deshalb verrechnen wir Ihnen bei ausgefallener Erstvorstellung \u20ac159 bis \u20ac278 und bei ausgefallener Kontrolle \u20ac50 bis \u20ac100.<\/strong><\/p>\n<p style=\"text-align: center;\">Dies gilt auch f\u00fcr Kassenpatienten.<\/p>\n<p style=\"text-align: center;\">Dieses Vorgehen entspricht der derzeit g\u00fcltigen Gesetzgebung und rechtsanwaltlichen Empfehlung der \u00c4rztekammer.<\/p>\n<p style=\"text-align: center;\">Terminabsagen unter<\/p>\n<p style=\"text-align: center;\">+43 316 83 74 42<\/p>\n<p style=\"text-align: center;\">oder<\/p>\n<p style=\"text-align: center;\"><a href=\"mailto:terminabsagen@neurologie-klinger.com\">terminabsagen@neurologie-klinger.com<\/a><\/p>\n\n\n<div style=\"height:100px\" aria-hidden=\"true\" class=\"wp-block-spacer\"><\/div>\n\n\n\n<h2 class=\"wp-block-heading has-text-align-center\">Was wir bieten<\/h2>\n\n\n<div class=\"wp-block-image\">\n<figure class=\"aligncenter size-large\"><img loading=\"lazy\" decoding=\"async\" width=\"849\" height=\"565\" src=\"https:\/\/neurologie-klinger.com\/wp-content\/uploads\/2021\/02\/iStock_000005661404Small.jpg\" alt=\"\" class=\"wp-image-21\" srcset=\"https:\/\/neurologie-klinger.com\/wp-content\/uploads\/2021\/02\/iStock_000005661404Small.jpg 849w, https:\/\/neurologie-klinger.com\/wp-content\/uploads\/2021\/02\/iStock_000005661404Small-300x200.jpg 300w, https:\/\/neurologie-klinger.com\/wp-content\/uploads\/2021\/02\/iStock_000005661404Small-768x511.jpg 768w\" sizes=\"auto, (max-width: 849px) 100vw, 849px\" \/><figcaption class=\"wp-element-caption\">\u00a9 iStock<\/figcaption><\/figure>\n<\/div>\n\n<p style=\"text-align: center;\">Wir nehmen uns f\u00fcr jeden Patienten ausreichend Zeit. F\u00fcr ein ausf\u00fchrliches Gespr\u00e4ch und eine eingehende Untersuchung.<\/p>\n<p style=\"text-align: center;\">Ultraschall und ENG k\u00f6nnen wir in unserer Ordination durchf\u00fchren.<\/p>\n<p style=\"text-align: center;\">Die Therapie wird gemeinsam mit Ihnen besprochen und festgelegt.&nbsp;<\/p>\n<p style=\"text-align: center;\">Au\u00dferdem k\u00f6nnen Sie den Arztbrief gleich mitnehmen.<\/p>\n<p style=\"text-align: center;\">Und wir sind barrierefrei!&nbsp;<\/p>\n\n\n<div style=\"height:100px\" aria-hidden=\"true\" class=\"wp-block-spacer\"><\/div>\n\n\n\n<h2 class=\"wp-block-heading has-text-align-center\">Wie sie uns erreichen<\/h2>\n\n\n<div class=\"wp-block-image\">\n<figure class=\"aligncenter size-large\"><img loading=\"lazy\" decoding=\"async\" width=\"722\" height=\"1024\" src=\"https:\/\/neurologie-klinger.com\/wp-content\/uploads\/2021\/02\/NeurologieKlinger-Plan-2019-722x1024.jpg\" alt=\"\" class=\"wp-image-27\" srcset=\"https:\/\/neurologie-klinger.com\/wp-content\/uploads\/2021\/02\/NeurologieKlinger-Plan-2019-722x1024.jpg 722w, https:\/\/neurologie-klinger.com\/wp-content\/uploads\/2021\/02\/NeurologieKlinger-Plan-2019-212x300.jpg 212w, https:\/\/neurologie-klinger.com\/wp-content\/uploads\/2021\/02\/NeurologieKlinger-Plan-2019-768x1089.jpg 768w, https:\/\/neurologie-klinger.com\/wp-content\/uploads\/2021\/02\/NeurologieKlinger-Plan-2019.jpg 968w\" sizes=\"auto, (max-width: 722px) 100vw, 722px\" \/><figcaption class=\"wp-element-caption\"> <\/figcaption><\/figure>\n<\/div>\n\n<p style=\"text-align: center;\">Sie erreichen uns bequem mit Tram, Bus oder Auto.<\/p>\n<p style=\"text-align: center;\">Die Haltestelle <em>Robert-Stolz-Gasse<\/em>, an der die Stra\u00dfenbahnlinien 3 und 5 stehen bleiben, ist direkt neben unserer Ordination.<\/p>\n<p style=\"text-align: center;\">Die Haltestelle <em>Kettengasse<\/em>, an der die Buslinien&nbsp;41 und 53 stehen bleiben, ist nur wenige Gehminuten von uns entfernt.<\/p>\n<p style=\"text-align: center;\">Die Ordination befindet sich in der gr\u00fcnen Zone mit ausreichend <em>Parkpl\u00e4tzen<\/em>.<\/p>\n\n\n<div style=\"height:100px\" aria-hidden=\"true\" class=\"wp-block-spacer\"><\/div>\n\n\n\n<h2 class=\"wp-block-heading has-text-align-center\">Kosten<\/h2>\n\n\n<div class=\"wp-block-image\">\n<figure class=\"aligncenter size-large\"><img loading=\"lazy\" decoding=\"async\" width=\"695\" height=\"691\" src=\"https:\/\/neurologie-klinger.com\/wp-content\/uploads\/2021\/02\/iStock_000008393401Small.jpg\" alt=\"\" class=\"wp-image-25\" srcset=\"https:\/\/neurologie-klinger.com\/wp-content\/uploads\/2021\/02\/iStock_000008393401Small.jpg 695w, https:\/\/neurologie-klinger.com\/wp-content\/uploads\/2021\/02\/iStock_000008393401Small-300x298.jpg 300w, https:\/\/neurologie-klinger.com\/wp-content\/uploads\/2021\/02\/iStock_000008393401Small-150x150.jpg 150w\" sizes=\"auto, (max-width: 695px) 100vw, 695px\" \/><figcaption class=\"wp-element-caption\">\u00a9 iStock<\/figcaption><\/figure>\n<\/div>\n\n<p style=\"text-align: center;\">Unsere Leistungen bezahlen Sie einfach mit Bargeld oder Bankomatkarte.<\/p>\n<p style=\"text-align: center;\">Die Honorarnote bei einer Erstvorstellung betr\u00e4gt zwischen \u20ac 170 und \u20ac 280, abh\u00e4ngig davon, was alles gemacht werden muss.<\/p>\n<p style=\"text-align: center;\">Ihre Krankenkasse wird Ihnen bis zu 80% des Kassentarifs r\u00fcckerstatten.<\/p>\n<p style=\"text-align: center;\">Versicherten der SVS und KFA-Graz entstehen keine Kosten, da wir diesbez\u00fcglich eine Vertragsordination sind. Wenn Sie aber ohne \u00dcberweisung kommen und einen Arztbrief ben\u00f6tigen erlauben wir uns ein Privathonorar von \u20ac 13 zu stellen (dies entspricht dem Kassentarif).<\/p>\n\n\n<div style=\"height:100px\" aria-hidden=\"true\" class=\"wp-block-spacer\"><\/div>\n\n\n\n<h2 class=\"wp-block-heading has-text-align-center\">Impressum<\/h2>\n\n\n<p style=\"text-align: center;\"><strong>Dr. Wolfgang Klinger<\/strong><\/p>\n<p style=\"text-align: center;\">Facharzt f\u00fcr Neurologie<\/p>\n<p style=\"text-align: center;\">Facharzt f\u00fcr Allgemeinmedizin und Familienmedizin<\/p>\n<p style=\"text-align: center;\">Robert-Stolz-Gasse 11<\/p>\n<p style=\"text-align: center;\">8010 Graz<\/p>\n<p style=\"text-align: center;\">Tel.: 0316 \/ 83 74 42<\/p>\n<p>&nbsp;<\/p>\n<p style=\"text-align: center;\">&#8222;Matter is compressed energy. An because compressed energy can&#8217;t go easily through other compressed energy there is matter&#8220;<\/p>\n\n\n<div style=\"height:100px\" aria-hidden=\"true\" class=\"wp-block-spacer\"><\/div>\n\n\n\n<p class=\"has-text-align-center\"><\/p>\n\n\n\n<h2 class=\"wp-block-heading has-text-align-center\">Datenschutz<\/h2>\n\n\n<p style=\"text-align: center;\">Erkl\u00e4rung zur Informationspflicht (Datenschutzerkl\u00e4rung)<\/p>\n<p style=\"text-align: center;\">Der Schutz Ihrer pers\u00f6nlichen Daten ist uns ein besonderes Anliegen. Wir verarbeiten Ihre Daten daher ausschlie\u00dflich auf Grundlage der gesetzlichen Bestimmungen (DSGVO, TKG 2003). In diesen Datenschutzinformationen informieren wir Sie \u00fcber die wichtigsten Aspekte der Datenverarbeitung im Rahmen unserer Website.<\/p>\n<p style=\"text-align: center;\"><strong>Kontakt mit uns<\/strong><\/p>\n<p style=\"text-align: center;\">Sie k\u00f6nnen mit uns nur telefonisch Kontakt aufnehmen oder pers\u00f6nlich erscheinen.\u00a0<\/p>\n<p style=\"text-align: center;\">Fax: Mit 1.1.2025 ist es gesetzlich nicht mehr erlaubt im Gesundheitsdienst mittels Fax zu kommunizieren.<\/p>\n<p style=\"text-align: center;\">E-Mail: Diese Kommunikationsform ist unverschl\u00fcsselt und ungesch\u00fctzt und wird deshalb von uns f\u00fcr medizinische Daten\u00fcbermittlung nicht angeboten.<\/p>\n<p style=\"text-align: center;\"><strong>Cookies<\/strong><\/p>\n<p style=\"text-align: center;\">Unsere Website verwendet keine Cookies.\u00a0<\/p>\n<p style=\"text-align: center;\"><strong>Web-Analyse<\/strong><\/p>\n<p style=\"text-align: center;\">Wir f\u00fchren keine Web-Analyse durch. Die Seite wird von A1 gehostet.<\/p>\n<p style=\"text-align: center;\"><strong>Ihre Rechte<\/strong><\/p>\n<p style=\"text-align: center;\">Ihnen stehen grunds\u00e4tzlich die Rechte auf Auskunft, Berichtigung, L\u00f6schung, Einschr\u00e4nkung, Daten\u00fcbertragbarkeit, Widerruf und Widerspruch zu. Wenn Sie glauben, dass die Verarbeitung Ihrer Daten gegen das Datenschutzrecht verst\u00f6\u00dft oder Ihre datenschutzrechtlichen Anspr\u00fcche sonst in einer Weise verletzt worden sind, k\u00f6nnen Sie sich bei der Aufsichtsbeh\u00f6rde beschweren. In \u00d6sterreich ist dies die Datenschutzbeh\u00f6rde.<\/p>","protected":false},"excerpt":{"rendered":"<p>Facharzt f\u00fcr NEUROLOGIE SVS und KFA-G sowie Wahlarzt aller anderen Kassen Neurorehabilitation Zertifikat Notarzt OA Dr. Wolfgang Klinger Warum zu uns Sie leiden unter Kopfschmerzen, Migr\u00e4ne oder Schwindel, Sie sind ohne Grund gest\u00fcrzt? Sie haben Kreuzschmerzen, bamstige H\u00e4nde oder F\u00fc\u00dfe oder sogar L\u00e4hmungen? Sie bef\u00fcrchten eine Demenz- oder Parkinson-Erkrankung?&nbsp; Sie wollen einem Schlaganfall vorbeugen oder&hellip; <a class=\"more-link\" href=\"https:\/\/neurologie-klinger.com\/\"><span class=\"screen-reader-text\">Willkommen<\/span> weiterlesen<\/a><\/p>\n","protected":false},"author":1,"featured_media":0,"parent":0,"menu_order":0,"comment_status":"closed","ping_status":"closed","template":"","meta":{"footnotes":""},"class_list":["post-2","page","type-page","status-publish","hentry","entry"],"_links":{"self":[{"href":"https:\/\/neurologie-klinger.com\/index.php?rest_route=\/wp\/v2\/pages\/2","targetHints":{"allow":["GET"]}}],"collection":[{"href":"https:\/\/neurologie-klinger.com\/index.php?rest_route=\/wp\/v2\/pages"}],"about":[{"href":"https:\/\/neurologie-klinger.com\/index.php?rest_route=\/wp\/v2\/types\/page"}],"author":[{"embeddable":true,"href":"https:\/\/neurologie-klinger.com\/index.php?rest_route=\/wp\/v2\/users\/1"}],"replies":[{"embeddable":true,"href":"https:\/\/neurologie-klinger.com\/index.php?rest_route=%2Fwp%2Fv2%2Fcomments&post=2"}],"version-history":[{"count":67,"href":"https:\/\/neurologie-klinger.com\/index.php?rest_route=\/wp\/v2\/pages\/2\/revisions"}],"predecessor-version":[{"id":137,"href":"https:\/\/neurologie-klinger.com\/index.php?rest_route=\/wp\/v2\/pages\/2\/revisions\/137"}],"wp:attachment":[{"href":"https:\/\/neurologie-klinger.com\/index.php?rest_route=%2Fwp%2Fv2%2Fmedia&parent=2"}],"curies":[{"name":"wp","href":"https:\/\/api.w.org\/{rel}","templated":true}]}}